{"id":94,"date":"2022-03-28T10:30:13","date_gmt":"2022-03-28T10:30:13","guid":{"rendered":"https:\/\/tarnawadomki.pl\/?page_id=94"},"modified":"2022-09-20T05:59:56","modified_gmt":"2022-09-20T05:59:56","slug":"reg-rezerwacji","status":"publish","type":"page","link":"https:\/\/tarnawadomki.pl\/index.php\/reg-rezerwacji\/","title":{"rendered":"Regulamin rezerwacji"},"content":{"rendered":"\t\t<div data-elementor-type=\"wp-page\" data-elementor-id=\"94\" class=\"elementor elementor-94\">\n\t\t\t\t\t\t<section class=\"elementor-section elementor-top-section elementor-element elementor-element-b672916 elementor-section-boxed elementor-section-height-default elementor-section-height-default\" data-id=\"b672916\" data-element_type=\"section\">\n\t\t\t\t\t\t<div class=\"elementor-container elementor-column-gap-default\">\n\t\t\t\t\t<div class=\"elementor-column elementor-col-100 elementor-top-column elementor-element elementor-element-9bf4150\" data-id=\"9bf4150\" data-element_type=\"column\">\n\t\t\t<div class=\"elementor-widget-wrap elementor-element-populated\">\n\t\t\t\t\t\t<div class=\"elementor-element elementor-element-8218737 elementor-widget elementor-widget-text-editor\" data-id=\"8218737\" data-element_type=\"widget\" data-widget_type=\"text-editor.default\">\n\t\t\t\t<div class=\"elementor-widget-container\">\n\t\t\t\t\t\t\t\t\t<h2 align=\"center\">REGULAMIN REZERWACJI<\/h2><div><h2 align=\"center\"><strong>Regulamin Rezerwacji i Wynajmu Domk\u00f3w Letniskowych \u201ePod D\u0119bem\u201d w Tarnawie Dolnej<\/strong><\/h2><p align=\"center\">\u00a7 1 Og\u00f3lne warunki<\/p><p>Niniejszy Regulamin okre\u015bla warunki, na kt\u00f3rych mo\u017cna dokona\u0107 rezerwacji i najmu domk\u00f3w.<\/p><p>Wyja\u015bnienie nast\u0119puj\u0105cych poj\u0119\u0107:<\/p><p>Domek \u2013 obiekt znajduj\u0105cy si\u0119 w posesji w\u0142a\u015bcicieli<\/p><p>Op\u0142ata za pobyt \u2013 iloczyn op\u0142aty za jeden dzie\u0144 pobytu w Domku\u00a0 oraz sumy dni, na kt\u00f3re dokonywana jest rezerwacja;<\/p><p>Wynajmuj\u0105cy \u2013 osoba fizyczna, prawna lub jednostka\u00a0 organizacyjna nieposiadaj\u0105ca osobowo\u015bci prawnej kt\u00f3ra dokona\u0142a rezerwacji, a nast\u0119pnie wp\u0142aci\u0142a zadatek,<\/p><p>W\u0142a\u015bciciel \u2013 Urszula Schmitz<\/p><p align=\"center\">\u00a7 2 Zasady rezerwacji<\/p><p>1. Rezerwacji<span class=\"apple-converted-space\">\u00a0<\/span><strong>Domku<\/strong><span class=\"apple-converted-space\">\u00a0<\/span>dokonuje si\u0119<span class=\"apple-converted-space\">\u00a0<\/span><strong>elektronicznie<\/strong><span class=\"apple-converted-space\">\u00a0<\/span>&#8211; poprzez wys\u0142anie zg\u0142oszenia na adres<span class=\"apple-converted-space\">\u00a0<\/span><strong>internetowy:<\/strong><span class=\"apple-converted-space\">\u00a0<\/span><span id=\"cloakdcdb3637de67e3ae15dd25a15c86e1ba\"><a href=\"mailto:tarnawadomki@wp.pl\">tarnawadomki@wp.pl<\/a><\/span>\u00a0 lub telefonicznie &#8211; tel. kom. 725507561,\u00a0 podaj\u0105c<span class=\"apple-converted-space\">\u00a0<\/span><strong>w karcie zg\u0142oszeniowej<\/strong><span class=\"apple-converted-space\">\u00a0<\/span>(lub telefonicznie) nast\u0119puj\u0105ce dane:<\/p><p>Imi\u0119 i nazwisko lub nazw\u0119 Wynajmuj\u0105cego<\/p><p>Liczb\u0119 go\u015bci z zaznaczeniem czy jest to osoba doros\u0142a czy dziecko. W przypadku dziecka podanie wieku.<\/p><p>Dok\u0142adny termin pobytu<\/p><p>2. Po otrzymaniu wst\u0119pnego potwierdzenia rezerwacji<span class=\"apple-converted-space\">\u00a0<\/span><strong>Domku<\/strong>,<span class=\"apple-converted-space\">\u00a0<\/span><strong>wynajmuj\u0105cy<\/strong><span class=\"apple-converted-space\">\u00a0<\/span>zobowi\u0105zany jest w ci\u0105gu 3 dni do dokonania wp\u0142aty zadatku<span class=\"apple-converted-space\">\u00a0<\/span><strong>w wysoko\u015bci 50% op\u0142aty za pobyt.<\/strong><\/p><p>3. Wp\u0142ata dokonywana jest<span class=\"apple-converted-space\">\u00a0<\/span><strong>na rachunek bankowy w\u0142a\u015bciciela o numerze 80 8128 0005 0063 6368 2000 0010 \u00a0 <\/strong>Bank Spo\u0142dzielczy w Suchej Beskidzkiej , Urszula Schmitz Fitness Zdrowy Styl \u017bycia, Tarnawa Dolna 172, 34-210 Zembrzyce NIP :5521282535, REGON\u00a0 356030324<\/p><p>4. Dokonanie rezerwacji oraz wp\u0142ata zadatku jest jednoznaczna z zaakceptowaniem postanowie\u0144 niniejszego Regulaminu przez Wynajmuj\u0105cego. W momencie dokonania rezerwacji i wp\u0142acenia 50% zadatku umow\u0119 najmu uwa\u017ca si\u0119 za zawart\u0105.<\/p><p align=\"center\">\u00a7 3 Odwo\u0142anie rezerwacji<\/p><p>1. Wynajmuj\u0105cy<span class=\"apple-converted-space\">\u00a0<\/span><strong>jest<\/strong><span class=\"apple-converted-space\">\u00a0<\/span>uprawniony do odwo\u0142ania rezerwacji w terminie do 45 dni przed planowanym przyjazdem bez ponoszenia z tego tytu\u0142u dodatkowych koszt\u00f3w. W przypadku pobyt\u00f3w w okresie \u015awi\u0105t Bo\u017cego Narodzenia, Sylwestra oraz Wielkanocy termin ten jest zwi\u0119kszany do 60ciu dni.<\/p><p>2. Odwo\u0142anie rezerwacji w terminie kr\u00f3tszym ni\u017c 45 dni (60 dni w przypadku \u015awi\u0105t Bo\u017cego Narodzenia, Sylwestra oraz Wielkanocy) przed planowanym przyjazdem dopuszczalne jest jedynie za zap\u0142at\u0105 odst\u0119pnego w wysoko\u015bci 50% op\u0142aty za pobyt.<\/p><p>3. W\u0142a\u015bciciel uprawniony jest do dokonania potr\u0105cenia nale\u017cno\u015bci, o kt\u00f3rej mowa w ust. 2, z kwot\u0105 zadatku, o kt\u00f3rej mowa w \u00a7 2<span class=\"apple-converted-space\">\u00a0<\/span><strong>ust 2.<\/strong><\/p><p align=\"center\">\u00a7 4\u00a0 Warunki p\u0142atno\u015bci<\/p><p>1. Op\u0142ata za pobyt, pozosta\u0142a do zap\u0142aty po uwzgl\u0119dnieniu kwoty zadatku, o kt\u00f3rej mowa w \u00a7 2 ust. 2, dokonywana jest najp\u00f3\u017aniej w dniu przyjazdu.<\/p><p>2. W dniu przyjazdu pobierana jest kaucja w wysoko\u015bci 300 PLN, kt\u00f3ra jest zwracana w dniu wyjazdu po sprawdzeniu Domku.<\/p><p>3. W przypadku zmiany terminu rezerwacji przez Wynajmuj\u0105cego lub ca\u0142kowitej rezygnacji z pobytu z przyczyn niezale\u017cnych od<span class=\"apple-converted-space\">\u00a0<\/span><em>nas (<\/em><strong><i>w\u0142a\u015bciciela)<\/i><\/strong>, zadatek nie podlega zwrotowi.<\/p><p align=\"center\">\u00a7 5 Zakwaterowanie oraz wykwaterowanie<\/p><p>1. Doba zaczyna si\u0119 o godz: 16:00 (przyjazd), a ko\u0144czy o godz: 10:00 (wyjazd).<\/p><p>2. Zakwaterowanie nast\u0119puje w dniu przyjazdu. Wykwaterowanie nast\u0119puje w obecno\u015bci W\u0142a\u015bciciela lub osoby<span class=\"apple-converted-space\">\u00a0<\/span><strong>przez niego<\/strong><span class=\"apple-converted-space\">\u00a0<\/span>upowa\u017cnionej.<\/p><p><em>Klient<\/em><span class=\"apple-converted-space\">\u00a0<\/span><strong>(Wynajmuj\u0105cy)<\/strong><span class=\"apple-converted-space\">\u00a0<\/span>w ci\u0105gu godziny po przyjedzie (zakwaterowaniu) dokonuje odbioru Domku tzn. sprawdza wszelkie urz\u0105dzenia np. meble, okna, kabin\u0119 prysznicow\u0105. W razie zauwa\u017cenia jakichkolwiek uszkodze\u0144 b\u0105d\u017a zniszcze\u0144 zobowi\u0105zany jest zg\u0142osi\u0107 je niezw\u0142ocznie W\u0142a\u015bcicielowi.<\/p><p>W przypadku przekroczenia deklarowanej w karcie zg\u0142oszeniowej liczby os\u00f3b korzystaj\u0105cych z Domku (bez zgody i wiedzy w\u0142a\u015bciciela lub osoby upowa\u017cnionej), w\u0142a\u015bciciel zastrzega sobie prawo do natychmiastowego<span class=\"apple-converted-space\">\u00a0<\/span><strong>rozwi\u0105zania<\/strong><span class=\"apple-converted-space\">\u00a0<\/span>umowy z wszystkimi konsekwencjami bez konieczno\u015bci zwrotu wniesionych wcze\u015bniej op\u0142at.<\/p><p>Wynajmuj\u0105cy zobowi\u0105zany jest do utrzymywania oraz zwrotu Domku w stanie zastanym, co obejmuje w szczeg\u00f3lno\u015bci pozostawienie umytych naczy\u0144 i sprz\u0119t\u00f3w kuchennych przed wyjazdem. Nie dostosowanie si\u0119 do powy\u017cszego zobowi\u0105zania skutkuje zap\u0142at\u0105 rekompensaty w postaci pozostawionej kaucji tytu\u0142em ko\u0144cowego sprz\u0105tania Domku<\/p><p>.<\/p><p align=\"center\">\u00a7 6 Zasady pobytu<\/p><p>1. Wynajmuj\u0105cy odpowiada finansowo za szkody powsta\u0142e w Domku z jego winy w czasie pobytu i wyra\u017ca zgod\u0119 na to, aby wszelkie naprawy zniszcze\u0144, uzupe\u0142nienie brak\u00f3w w wyposa\u017ceniu lub usuni\u0119cie usterek wykonane zosta\u0142o na jego koszt.<\/p><p>2. W Domku obowi\u0105zuje ca\u0142kowity zakaz palenia tytoniu.<\/p><p>3. Parkowanie samochod\u00f3w jest mo\u017cliwe tylko w wyznaczonym specjalnie do tego celu miejscu lub innym wskazanym przez W\u0142a\u015bciciela.<\/p><p>4. Ze wzgl\u0119du na wymagania ochrony przeciwpo\u017carowej w Domku nie wolno u\u017cywa\u0107 jakichkolwiek przyrz\u0105d\u00f3w lub aparat\u00f3w zasilanych energi\u0105 elektryczn\u0105 lub gazow\u0105, nie b\u0119d\u0105cych wyposa\u017ceniem tych pomieszcze\u0144 i mog\u0105cych wytworzy\u0107 zagro\u017cenie po\u017carowe np. grza\u0142ek elektrycznych, grzejnik\u00f3w, palnik\u00f3w gazowych. Zabrania si\u0119 wnoszenia do Domku \u0142atwopalnych materia\u0142\u00f3w, materia\u0142\u00f3w wybuchowych oraz materia\u0142\u00f3w o nieprzyjemnym zapachu.<\/p><p>5. W razie ci\u0119\u017ckiego naruszenia postanowie\u0144 Regulaminu,<span class=\"apple-converted-space\">\u00a0<\/span><em>Wynajmuj\u0105cy<\/em><span class=\"apple-converted-space\">\u00a0<\/span>(<strong>w\u0142a\u015bciciel<\/strong>) uprawniony jest do<span class=\"apple-converted-space\">\u00a0<\/span><strong>natychmiastowego rozwi\u0105zania umowy, w tym<\/strong><span class=\"apple-converted-space\"><b>\u00a0<\/b><\/span>do jednostronnego skr\u00f3cenia okresu pobytu Wynajmuj\u0105cego i nakazania niezw\u0142ocznego opuszczenia obiektu.<\/p><p>6. W przypadku skr\u00f3cenia pobytu na zasadach okre\u015blonych w ust. 5, op\u0142ata za pobyt nie podlega zwrotowi.<\/p><p align=\"center\">\u00a7 7\u00a0 Postanowienia ko\u0144cowe<\/p><p>1. Dokonuj\u0105c rezerwacji Wynajmuj\u0105cy wyra\u017ca zgod\u0119 na przetwarzanie danych osobowych wy\u0142\u0105cznie w celu realizacji rezerwacji zgodnie z przepisami ustawy z dnia 29.08.1997 r. o ochronie danych osobowych oraz w celu dope\u0142nienia obowi\u0105zku meldunkowego. Rezerwuj\u0105cemu przys\u0142uguje prawo wgl\u0105du do swoich danych osobowych i ich aktualizacji.<\/p><p>2. Umowa zawarta pomi\u0119dzy W\u0142a\u015bcicielem a Wynajmuj\u0105cym nie obejmuje dojazdu, wy\u017cywienia oraz organizacji czasu pobytu.<\/p><p>W\u0142a\u015bciciel nie ponosi odpowiedzialno\u015bci za przej\u015bciowe niedogodno\u015bci wyst\u0119puj\u0105ce u niezale\u017cnych dostawc\u00f3w spowodowane np. czasowym brakiem\u00a0 pr\u0105du.<\/p><p><b>3. Nie akceptujemy zwierz\u0105t.<\/b><\/p><p>4. Prawem w\u0142a\u015bciwym dla spor\u00f3w pomi\u0119dzy W\u0142a\u015bcicielem a Wynajmuj\u0105cym jest prawo polskie. Ewentualne spory rozstrzygane b\u0119d\u0105 polubownie, a w przypadku nieporozumienia s\u0105dem w\u0142a\u015bciwym b\u0119dzie s\u0105d w\u0142a\u015bciwy<span class=\"apple-converted-space\">\u00a0<\/span><strong>miejscowo<\/strong><span class=\"apple-converted-space\">\u00a0<\/span>dla siedziby W\u0142a\u015bciciela.<\/p><p>Wynajmuj\u0105cy<\/p><\/div>\t\t\t\t\t\t\t\t<\/div>\n\t\t\t\t<\/div>\n\t\t\t\t\t<\/div>\n\t\t<\/div>\n\t\t\t\t\t<\/div>\n\t\t<\/section>\n\t\t\t\t<\/div>\n\t\t","protected":false},"excerpt":{"rendered":"<p>REGULAMIN REZERWACJI Regulamin Rezerwacji i Wynajmu Domk\u00f3w Letniskowych \u201ePod D\u0119bem\u201d w Tarnawie Dolnej \u00a7 1 Og\u00f3lne warunki Niniejszy Regulamin okre\u015bla warunki, na kt\u00f3rych mo\u017cna dokona\u0107 rezerwacji i najmu domk\u00f3w. Wyja\u015bnienie nast\u0119puj\u0105cych poj\u0119\u0107: Domek \u2013 obiekt znajduj\u0105cy si\u0119 w posesji w\u0142a\u015bcicieli Op\u0142ata za pobyt \u2013 iloczyn op\u0142aty za jeden dzie\u0144 pobytu w Domku\u00a0 oraz sumy dni, [&hellip;]<\/p>\n","protected":false},"author":1,"featured_media":0,"parent":0,"menu_order":0,"comment_status":"closed","ping_status":"closed","template":"","meta":{"footnotes":""},"class_list":["post-94","page","type-page","status-publish","hentry"],"_links":{"self":[{"href":"https:\/\/tarnawadomki.pl\/index.php\/wp-json\/wp\/v2\/pages\/94","targetHints":{"allow":["GET"]}}],"collection":[{"href":"https:\/\/tarnawadomki.pl\/index.php\/wp-json\/wp\/v2\/pages"}],"about":[{"href":"https:\/\/tarnawadomki.pl\/index.php\/wp-json\/wp\/v2\/types\/page"}],"author":[{"embeddable":true,"href":"https:\/\/tarnawadomki.pl\/index.php\/wp-json\/wp\/v2\/users\/1"}],"replies":[{"embeddable":true,"href":"https:\/\/tarnawadomki.pl\/index.php\/wp-json\/wp\/v2\/comments?post=94"}],"version-history":[{"count":5,"href":"https:\/\/tarnawadomki.pl\/index.php\/wp-json\/wp\/v2\/pages\/94\/revisions"}],"predecessor-version":[{"id":99,"href":"https:\/\/tarnawadomki.pl\/index.php\/wp-json\/wp\/v2\/pages\/94\/revisions\/99"}],"wp:attachment":[{"href":"https:\/\/tarnawadomki.pl\/index.php\/wp-json\/wp\/v2\/media?parent=94"}],"curies":[{"name":"wp","href":"https:\/\/api.w.org\/{rel}","templated":true}]}}