{"id":82,"date":"2022-03-28T10:24:46","date_gmt":"2022-03-28T10:24:46","guid":{"rendered":"https:\/\/tarnawadomki.pl\/?page_id=82"},"modified":"2022-09-19T08:28:14","modified_gmt":"2022-09-19T08:28:14","slug":"atrakcje","status":"publish","type":"page","link":"https:\/\/tarnawadomki.pl\/index.php\/atrakcje\/","title":{"rendered":"Atrakcje"},"content":{"rendered":"\t\t<div data-elementor-type=\"wp-page\" data-elementor-id=\"82\" class=\"elementor elementor-82\">\n\t\t\t\t\t\t<section class=\"elementor-section elementor-top-section elementor-element elementor-element-e311c2b elementor-section-boxed elementor-section-height-default elementor-section-height-default\" data-id=\"e311c2b\" data-element_type=\"section\">\n\t\t\t\t\t\t<div class=\"elementor-container elementor-column-gap-default\">\n\t\t\t\t\t<div class=\"elementor-column elementor-col-50 elementor-top-column elementor-element elementor-element-ef63312\" data-id=\"ef63312\" data-element_type=\"column\">\n\t\t\t<div class=\"elementor-widget-wrap elementor-element-populated\">\n\t\t\t\t\t\t<div class=\"elementor-element elementor-element-040e43e elementor-widget elementor-widget-image\" data-id=\"040e43e\" data-element_type=\"widget\" data-widget_type=\"image.default\">\n\t\t\t\t<div class=\"elementor-widget-container\">\n\t\t\t\t\t\t\t\t\t\t\t\t\t\t\t<img fetchpriority=\"high\" decoding=\"async\" width=\"800\" height=\"520\" src=\"https:\/\/tarnawadomki.pl\/wp-content\/uploads\/2022\/03\/domek-1024x666.jpg\" class=\"attachment-large size-large wp-image-26\" alt=\"\" srcset=\"https:\/\/tarnawadomki.pl\/wp-content\/uploads\/2022\/03\/domek-1024x666.jpg 1024w, https:\/\/tarnawadomki.pl\/wp-content\/uploads\/2022\/03\/domek-300x195.jpg 300w, https:\/\/tarnawadomki.pl\/wp-content\/uploads\/2022\/03\/domek-768x499.jpg 768w, https:\/\/tarnawadomki.pl\/wp-content\/uploads\/2022\/03\/domek.jpg 1200w\" sizes=\"(max-width: 800px) 100vw, 800px\" \/>\t\t\t\t\t\t\t\t\t\t\t\t\t\t\t<\/div>\n\t\t\t\t<\/div>\n\t\t\t\t\t<\/div>\n\t\t<\/div>\n\t\t\t\t<div class=\"elementor-column elementor-col-50 elementor-top-column elementor-element elementor-element-8e53b0b\" data-id=\"8e53b0b\" data-element_type=\"column\">\n\t\t\t<div class=\"elementor-widget-wrap elementor-element-populated\">\n\t\t\t\t\t\t<div class=\"elementor-element elementor-element-e4d04bc elementor-widget elementor-widget-text-editor\" data-id=\"e4d04bc\" data-element_type=\"widget\" data-widget_type=\"text-editor.default\">\n\t\t\t\t<div class=\"elementor-widget-container\">\n\t\t\t\t\t\t\t\t\t<h1>ATRAKCJE<\/h1>\n<div>\n\nOkoliczne atrakcje\n\nOferujemy Pa\u0144stwu przede wszystkim urlopy w g\u00f3rskiej i malowniczej miejscowo\u015bci, ponadto:\n<ul>\n<li> mo\u017cliwo\u015b\u0107 w\u0119dr\u00f3wek po g\u00f3rskich szlakach (Babia G\u00f3ra &#8211; 1784 m npm., pobliski Leskowiec, czy wyjazdy do Zakopanego)<\/li>\n\n<li> wycieczkowiczom zwiedzanie min. zamku w Suchej Beskidzkiej \u201eMa\u0142y Wawel\u201d \u2013 10km. czy Parku Miniatur w Inwa\u0142dzie<\/li>\n\n<li> dzieciom szale\u0144stwa w Dinolandzie w Zatorze lub Rabkolandzie<\/li>\n\n<li> zwiedzanie Parku Miniatur w Inwa\u0142dzie<\/li>\n\n<li> Zwiedzanie Energylandii w Zatorze<\/li>\n\n<li> mo\u017cliwo\u015b\u0107 po\u0142owu ryb w pobliskich stawach<\/li>\n\n<li> mo\u017cliwo\u015b\u0107 skorzystania z krytego basenu znajduj\u0105cego si\u0119 w Suche Beskidzkiej oddalonej od naszych domk\u00f3w o 10km<\/li>\n\n<li> dla narciarzy mo\u017cliwo\u015b\u0107 wyjazdu na pobliskie stoki do Zawoi (28km), Rzyk (29km) oraz wielu innych pobliskich miejscowo\u015bci<\/li>\n\n<li> dla pielgrzym\u00f3w zwiedzanie domu Jan Paw\u0142a II w Wadowicach (17km &#8211; w razie potrzeby zapewniamy transport)<\/li>\n\n<li> zapewniamy r\u00f3wnie\u017c katering<\/li>\n<\/ul>\nDodatkowo informacja o okolicznym sklepie spo\u017cywczym odleg\u0142ym o 0,5km oraz supermarkecie odleg\u0142ym o 3km\n\n<\/div>\t\t\t\t\t\t\t\t<\/div>\n\t\t\t\t<\/div>\n\t\t\t\t\t<\/div>\n\t\t<\/div>\n\t\t\t\t\t<\/div>\n\t\t<\/section>\n\t\t\t\t<\/div>\n\t\t","protected":false},"excerpt":{"rendered":"<p>ATRAKCJE Okoliczne atrakcje Oferujemy Pa\u0144stwu przede wszystkim urlopy w g\u00f3rskiej i malowniczej miejscowo\u015bci, ponadto: mo\u017cliwo\u015b\u0107 w\u0119dr\u00f3wek po g\u00f3rskich szlakach (Babia G\u00f3ra &#8211; 1784 m npm., pobliski Leskowiec, czy wyjazdy do Zakopanego) wycieczkowiczom zwiedzanie min. zamku w Suchej Beskidzkiej \u201eMa\u0142y Wawel\u201d \u2013 10km. czy Parku Miniatur w Inwa\u0142dzie dzieciom szale\u0144stwa w Dinolandzie w Zatorze lub Rabkolandzie [&hellip;]<\/p>\n","protected":false},"author":1,"featured_media":0,"parent":0,"menu_order":0,"comment_status":"closed","ping_status":"closed","template":"","meta":{"footnotes":""},"class_list":["post-82","page","type-page","status-publish","hentry"],"_links":{"self":[{"href":"https:\/\/tarnawadomki.pl\/index.php\/wp-json\/wp\/v2\/pages\/82","targetHints":{"allow":["GET"]}}],"collection":[{"href":"https:\/\/tarnawadomki.pl\/index.php\/wp-json\/wp\/v2\/pages"}],"about":[{"href":"https:\/\/tarnawadomki.pl\/index.php\/wp-json\/wp\/v2\/types\/page"}],"author":[{"embeddable":true,"href":"https:\/\/tarnawadomki.pl\/index.php\/wp-json\/wp\/v2\/users\/1"}],"replies":[{"embeddable":true,"href":"https:\/\/tarnawadomki.pl\/index.php\/wp-json\/wp\/v2\/comments?post=82"}],"version-history":[{"count":11,"href":"https:\/\/tarnawadomki.pl\/index.php\/wp-json\/wp\/v2\/pages\/82\/revisions"}],"predecessor-version":[{"id":396,"href":"https:\/\/tarnawadomki.pl\/index.php\/wp-json\/wp\/v2\/pages\/82\/revisions\/396"}],"wp:attachment":[{"href":"https:\/\/tarnawadomki.pl\/index.php\/wp-json\/wp\/v2\/media?parent=82"}],"curies":[{"name":"wp","href":"https:\/\/api.w.org\/{rel}","templated":true}]}}