{"id":75,"date":"2022-03-28T10:05:36","date_gmt":"2022-03-28T10:05:36","guid":{"rendered":"https:\/\/tarnawadomki.pl\/?page_id=75"},"modified":"2022-10-24T07:19:56","modified_gmt":"2022-10-24T07:19:56","slug":"cennik","status":"publish","type":"page","link":"https:\/\/tarnawadomki.pl\/index.php\/cennik\/","title":{"rendered":"Cennik"},"content":{"rendered":"\t\t<div data-elementor-type=\"wp-page\" data-elementor-id=\"75\" class=\"elementor elementor-75\">\n\t\t\t\t\t\t<section class=\"elementor-section elementor-top-section elementor-element elementor-element-0300acb elementor-section-boxed elementor-section-height-default elementor-section-height-default\" data-id=\"0300acb\" data-element_type=\"section\">\n\t\t\t\t\t\t<div class=\"elementor-container elementor-column-gap-default\">\n\t\t\t\t\t<div class=\"elementor-column elementor-col-33 elementor-top-column elementor-element elementor-element-4c987b9\" data-id=\"4c987b9\" data-element_type=\"column\">\n\t\t\t<div class=\"elementor-widget-wrap elementor-element-populated\">\n\t\t\t\t\t\t<div class=\"elementor-element elementor-element-c35d447 e-transform e-transform elementor-widget elementor-widget-qi_addons_for_elementor_pricing_table\" data-id=\"c35d447\" data-element_type=\"widget\" data-settings=\"{&quot;_transform_scale_effect&quot;:{&quot;unit&quot;:&quot;px&quot;,&quot;size&quot;:1,&quot;sizes&quot;:[]},&quot;_transform_scale_effect_hover&quot;:{&quot;unit&quot;:&quot;px&quot;,&quot;size&quot;:1.1,&quot;sizes&quot;:[]},&quot;_transform_scale_effect_tablet&quot;:{&quot;unit&quot;:&quot;px&quot;,&quot;size&quot;:&quot;&quot;,&quot;sizes&quot;:[]},&quot;_transform_scale_effect_mobile&quot;:{&quot;unit&quot;:&quot;px&quot;,&quot;size&quot;:&quot;&quot;,&quot;sizes&quot;:[]},&quot;_transform_scale_effect_hover_tablet&quot;:{&quot;unit&quot;:&quot;px&quot;,&quot;size&quot;:&quot;&quot;,&quot;sizes&quot;:[]},&quot;_transform_scale_effect_hover_mobile&quot;:{&quot;unit&quot;:&quot;px&quot;,&quot;size&quot;:&quot;&quot;,&quot;sizes&quot;:[]}}\" data-widget_type=\"qi_addons_for_elementor_pricing_table.default\">\n\t\t\t\t<div class=\"elementor-widget-container\">\n\t\t\t\t\t<div class=\"qodef-shortcode qodef-m qodef-qi-pricing-table qodef-layout--standard qodef-status--regular qodef-list-style--inside qodef-list-type--unordered qodef-label-type--badge qodef-period--side\">\n\t<div class=\"qodef-m-inner\">\n\t\t\t<h4 class=\"qodef-m-title\">\n\t\tWeekend\t<\/h4>\n\t\t\t<div class=\"qodef-m-price\">\n\t\t<div class=\"qodef-m-price-wrapper qodef-h1\">\n\t\t\t\t\t\t\t<span class=\"qodef-m-price-currency\">z\u0142 min<\/span>\n\t\t\t\t\t\t<span class=\"qodef-m-price-value\">300<\/span>\n\t\t<\/div>\n\t\t\t\t\t<span class=\"qodef-m-price-period\">\/dzie\u0144<\/span>\n\t\t\t<\/div>\n\t\t\t\t\t<ul class=\"qodef-m-content\">\n\t\t\t\t\t<li class=\"qodef-e-item\">\n\t\t\t\t\t\t\t\t\t<span class=\"qodef-e-icon\"><\/span>\n\t\t\t\t\t\t\t\t<span class=\"qodef-e-text\">Cena jest uzale\u017cniona od liczby os\u00f3b<\/span>\n\t\t\t<\/li>\n\t\t\t\t\t<li class=\"qodef-e-item\">\n\t\t\t\t\t\t\t\t\t<span class=\"qodef-e-icon\"><\/span>\n\t\t\t\t\t\t\t\t<span class=\"qodef-e-text\">Dlugo\u015b\u0107 rezerwacji minimum 3 dni (2 doby)<\/span>\n\t\t\t<\/li>\n\t\t\t\t\t<li class=\"qodef-e-item\">\n\t\t\t\t\t\t\t\t\t<span class=\"qodef-e-icon\"><\/span>\n\t\t\t\t\t\t\t\t<span class=\"qodef-e-text\">Dzieci do lat 4 maj\u0105 pobyt gratis<\/span>\n\t\t\t<\/li>\n\t\t\t<\/ul>\n\t\t\t\t\t<\/div>\n<\/div>\n\t\t\t\t<\/div>\n\t\t\t\t<\/div>\n\t\t\t\t\t<\/div>\n\t\t<\/div>\n\t\t\t\t<div class=\"elementor-column elementor-col-33 elementor-top-column elementor-element elementor-element-5f84f12\" data-id=\"5f84f12\" data-element_type=\"column\">\n\t\t\t<div class=\"elementor-widget-wrap elementor-element-populated\">\n\t\t\t\t\t\t<div class=\"elementor-element elementor-element-a48a8f7 e-transform elementor-widget elementor-widget-qi_addons_for_elementor_pricing_table\" data-id=\"a48a8f7\" data-element_type=\"widget\" data-settings=\"{&quot;_transform_scale_effect_hover&quot;:{&quot;unit&quot;:&quot;px&quot;,&quot;size&quot;:1.1,&quot;sizes&quot;:[]},&quot;_transform_scale_effect_hover_tablet&quot;:{&quot;unit&quot;:&quot;px&quot;,&quot;size&quot;:&quot;&quot;,&quot;sizes&quot;:[]},&quot;_transform_scale_effect_hover_mobile&quot;:{&quot;unit&quot;:&quot;px&quot;,&quot;size&quot;:&quot;&quot;,&quot;sizes&quot;:[]}}\" data-widget_type=\"qi_addons_for_elementor_pricing_table.default\">\n\t\t\t\t<div class=\"elementor-widget-container\">\n\t\t\t\t\t<div class=\"qodef-shortcode qodef-m qodef-qi-pricing-table qodef-layout--standard qodef-status--regular qodef-list-style--inside qodef-list-type--unordered qodef-label-type--badge qodef-period--side\">\n\t<div class=\"qodef-m-inner\">\n\t\t\t<h4 class=\"qodef-m-title\">\n\t\tSezon letni\t<\/h4>\n\t\t\t<div class=\"qodef-m-price\">\n\t\t<div class=\"qodef-m-price-wrapper qodef-h1\">\n\t\t\t\t\t\t\t<span class=\"qodef-m-price-currency\">z\u0142 min<\/span>\n\t\t\t\t\t\t<span class=\"qodef-m-price-value\">350<\/span>\n\t\t<\/div>\n\t\t\t\t\t<span class=\"qodef-m-price-period\">\/dzie\u0144<\/span>\n\t\t\t<\/div>\n\t\t\t\t\t<ul class=\"qodef-m-content\">\n\t\t\t\t\t<li class=\"qodef-e-item\">\n\t\t\t\t\t\t\t\t\t<span class=\"qodef-e-icon\"><\/span>\n\t\t\t\t\t\t\t\t<span class=\"qodef-e-text\">Okres Lipiec-Sierpie\u0144<\/span>\n\t\t\t<\/li>\n\t\t\t\t\t<li class=\"qodef-e-item\">\n\t\t\t\t\t\t\t\t\t<span class=\"qodef-e-icon\"><\/span>\n\t\t\t\t\t\t\t\t<span class=\"qodef-e-text\">Cena jest uzale\u017cniona od liczby os\u00f3b<\/span>\n\t\t\t<\/li>\n\t\t\t\t\t<li class=\"qodef-e-item\">\n\t\t\t\t\t\t\t\t\t<span class=\"qodef-e-icon\"><\/span>\n\t\t\t\t\t\t\t\t<span class=\"qodef-e-text\">Dlugo\u015b\u0107 rezerwacji minimum 1 tydzie\u0144<\/span>\n\t\t\t<\/li>\n\t\t\t\t\t<li class=\"qodef-e-item\">\n\t\t\t\t\t\t\t\t\t<span class=\"qodef-e-icon\"><\/span>\n\t\t\t\t\t\t\t\t<span class=\"qodef-e-text\">Dzieci do lat 4 maj\u0105 pobyt gratis<\/span>\n\t\t\t<\/li>\n\t\t\t<\/ul>\n\t\t\t\t\t<\/div>\n<\/div>\n\t\t\t\t<\/div>\n\t\t\t\t<\/div>\n\t\t\t\t\t<\/div>\n\t\t<\/div>\n\t\t\t\t<div class=\"elementor-column elementor-col-33 elementor-top-column elementor-element elementor-element-4541a91\" data-id=\"4541a91\" data-element_type=\"column\">\n\t\t\t<div class=\"elementor-widget-wrap elementor-element-populated\">\n\t\t\t\t\t\t<div class=\"elementor-element elementor-element-ace3561 e-transform elementor-widget elementor-widget-qi_addons_for_elementor_pricing_table\" data-id=\"ace3561\" data-element_type=\"widget\" data-settings=\"{&quot;_transform_scale_effect_hover&quot;:{&quot;unit&quot;:&quot;px&quot;,&quot;size&quot;:1.1,&quot;sizes&quot;:[]},&quot;_transform_scale_effect_hover_tablet&quot;:{&quot;unit&quot;:&quot;px&quot;,&quot;size&quot;:&quot;&quot;,&quot;sizes&quot;:[]},&quot;_transform_scale_effect_hover_mobile&quot;:{&quot;unit&quot;:&quot;px&quot;,&quot;size&quot;:&quot;&quot;,&quot;sizes&quot;:[]}}\" data-widget_type=\"qi_addons_for_elementor_pricing_table.default\">\n\t\t\t\t<div class=\"elementor-widget-container\">\n\t\t\t\t\t<div class=\"qodef-shortcode qodef-m qodef-qi-pricing-table qodef-layout--standard qodef-status--regular qodef-list-style--inside qodef-list-type--unordered qodef-label-type--badge qodef-period--side\">\n\t<div class=\"qodef-m-inner\">\n\t\t\t<h4 class=\"qodef-m-title\">\n\t\tSezon zimowy\t<\/h4>\n\t\t\t<div class=\"qodef-m-price\">\n\t\t<div class=\"qodef-m-price-wrapper qodef-h1\">\n\t\t\t\t\t\t\t<span class=\"qodef-m-price-currency\">z\u0142 min<\/span>\n\t\t\t\t\t\t<span class=\"qodef-m-price-value\">350<\/span>\n\t\t<\/div>\n\t\t\t\t\t<span class=\"qodef-m-price-period\">\/dzie\u0144<\/span>\n\t\t\t<\/div>\n\t\t\t\t\t<ul class=\"qodef-m-content\">\n\t\t\t\t\t<li class=\"qodef-e-item\">\n\t\t\t\t\t\t\t\t\t<span class=\"qodef-e-icon\"><\/span>\n\t\t\t\t\t\t\t\t<span class=\"qodef-e-text\">Okres Stycze\u0144-Luty<\/span>\n\t\t\t<\/li>\n\t\t\t\t\t<li class=\"qodef-e-item\">\n\t\t\t\t\t\t\t\t\t<span class=\"qodef-e-icon\"><\/span>\n\t\t\t\t\t\t\t\t<span class=\"qodef-e-text\">Cena jest uzale\u017cniona od liczby os\u00f3b<\/span>\n\t\t\t<\/li>\n\t\t\t\t\t<li class=\"qodef-e-item\">\n\t\t\t\t\t\t\t\t\t<span class=\"qodef-e-icon\"><\/span>\n\t\t\t\t\t\t\t\t<span class=\"qodef-e-text\">Dlugo\u015b\u0107 rezerwacji minimum 1 tydzie\u0144<\/span>\n\t\t\t<\/li>\n\t\t\t\t\t<li class=\"qodef-e-item\">\n\t\t\t\t\t\t\t\t\t<span class=\"qodef-e-icon\"><\/span>\n\t\t\t\t\t\t\t\t<span class=\"qodef-e-text\">Dzieci do lat 4 maj\u0105 pobyt gratis<\/span>\n\t\t\t<\/li>\n\t\t\t<\/ul>\n\t\t\t\t\t<\/div>\n<\/div>\n\t\t\t\t<\/div>\n\t\t\t\t<\/div>\n\t\t\t\t\t<\/div>\n\t\t<\/div>\n\t\t\t\t\t<\/div>\n\t\t<\/section>\n\t\t\t\t<section class=\"elementor-section elementor-top-section elementor-element elementor-element-651e94e elementor-section-boxed elementor-section-height-default elementor-section-height-default\" data-id=\"651e94e\" data-element_type=\"section\">\n\t\t\t\t\t\t<div class=\"elementor-container elementor-column-gap-default\">\n\t\t\t\t\t<div class=\"elementor-column elementor-col-100 elementor-top-column elementor-element elementor-element-55a040d\" data-id=\"55a040d\" data-element_type=\"column\">\n\t\t\t<div class=\"elementor-widget-wrap elementor-element-populated\">\n\t\t\t\t\t\t<div class=\"elementor-element elementor-element-5c12e7b elementor-widget elementor-widget-heading\" data-id=\"5c12e7b\" data-element_type=\"widget\" data-widget_type=\"heading.default\">\n\t\t\t\t<div class=\"elementor-widget-container\">\n\t\t\t\t\t<h2 class=\"elementor-heading-title elementor-size-default\">Sylwester i \u015bwi\u0119ta<\/h2>\t\t\t\t<\/div>\n\t\t\t\t<\/div>\n\t\t\t\t\t<\/div>\n\t\t<\/div>\n\t\t\t\t\t<\/div>\n\t\t<\/section>\n\t\t\t\t<section class=\"elementor-section elementor-top-section elementor-element elementor-element-95f92da elementor-section-boxed elementor-section-height-default elementor-section-height-default\" data-id=\"95f92da\" data-element_type=\"section\">\n\t\t\t\t\t\t<div class=\"elementor-container elementor-column-gap-default\">\n\t\t\t\t\t<div class=\"elementor-column elementor-col-33 elementor-top-column elementor-element elementor-element-5afb32c\" data-id=\"5afb32c\" data-element_type=\"column\">\n\t\t\t<div class=\"elementor-widget-wrap elementor-element-populated\">\n\t\t\t\t\t\t<div class=\"elementor-element elementor-element-8e25265 e-transform elementor-widget elementor-widget-qi_addons_for_elementor_pricing_table\" data-id=\"8e25265\" data-element_type=\"widget\" data-settings=\"{&quot;_transform_scale_effect_hover&quot;:{&quot;unit&quot;:&quot;px&quot;,&quot;size&quot;:1.1,&quot;sizes&quot;:[]},&quot;_transform_scale_effect_hover_tablet&quot;:{&quot;unit&quot;:&quot;px&quot;,&quot;size&quot;:&quot;&quot;,&quot;sizes&quot;:[]},&quot;_transform_scale_effect_hover_mobile&quot;:{&quot;unit&quot;:&quot;px&quot;,&quot;size&quot;:&quot;&quot;,&quot;sizes&quot;:[]}}\" data-widget_type=\"qi_addons_for_elementor_pricing_table.default\">\n\t\t\t\t<div class=\"elementor-widget-container\">\n\t\t\t\t\t<div class=\"qodef-shortcode qodef-m qodef-qi-pricing-table qodef-layout--standard qodef-status--regular qodef-list-style--inside qodef-list-type--unordered qodef-label-type--badge qodef-period--side\">\n\t<div class=\"qodef-m-inner\">\n\t\t\t<h4 class=\"qodef-m-title\">\n\t\tPakiet sylwester I\t<\/h4>\n\t\t\t<div class=\"qodef-m-price\">\n\t\t<div class=\"qodef-m-price-wrapper qodef-h1\">\n\t\t\t\t\t\t\t<span class=\"qodef-m-price-currency\"> z\u0142<\/span>\n\t\t\t\t\t\t<span class=\"qodef-m-price-value\">2000<\/span>\n\t\t<\/div>\n\t\t\t<\/div>\n\t\t\t\t\t<ul class=\"qodef-m-content\">\n\t\t\t\t\t<li class=\"qodef-e-item\">\n\t\t\t\t\t\t\t\t\t<span class=\"qodef-e-icon\"><\/span>\n\t\t\t\t\t\t\t\t<span class=\"qodef-e-text\">3 dni (2doby)<\/span>\n\t\t\t<\/li>\n\t\t\t\t\t<li class=\"qodef-e-item\">\n\t\t\t\t\t\t\t\t\t<span class=\"qodef-e-icon\"><\/span>\n\t\t\t\t\t\t\t\t<span class=\"qodef-e-text\">4 osoby<\/span>\n\t\t\t<\/li>\n\t\t\t<\/ul>\n\t\t\t\t\t<\/div>\n<\/div>\n\t\t\t\t<\/div>\n\t\t\t\t<\/div>\n\t\t\t\t\t<\/div>\n\t\t<\/div>\n\t\t\t\t<div class=\"elementor-column elementor-col-33 elementor-top-column elementor-element elementor-element-9aeadb7\" data-id=\"9aeadb7\" data-element_type=\"column\">\n\t\t\t<div class=\"elementor-widget-wrap elementor-element-populated\">\n\t\t\t\t\t\t<div class=\"elementor-element elementor-element-48c01a8 e-transform elementor-widget elementor-widget-qi_addons_for_elementor_pricing_table\" data-id=\"48c01a8\" data-element_type=\"widget\" data-settings=\"{&quot;_transform_scale_effect_hover&quot;:{&quot;unit&quot;:&quot;px&quot;,&quot;size&quot;:1.1,&quot;sizes&quot;:[]},&quot;_transform_scale_effect_hover_tablet&quot;:{&quot;unit&quot;:&quot;px&quot;,&quot;size&quot;:&quot;&quot;,&quot;sizes&quot;:[]},&quot;_transform_scale_effect_hover_mobile&quot;:{&quot;unit&quot;:&quot;px&quot;,&quot;size&quot;:&quot;&quot;,&quot;sizes&quot;:[]}}\" data-widget_type=\"qi_addons_for_elementor_pricing_table.default\">\n\t\t\t\t<div class=\"elementor-widget-container\">\n\t\t\t\t\t<div class=\"qodef-shortcode qodef-m qodef-qi-pricing-table qodef-layout--standard qodef-status--regular qodef-list-style--inside qodef-list-type--unordered qodef-label-type--badge qodef-period--side\">\n\t<div class=\"qodef-m-inner\">\n\t\t\t<h4 class=\"qodef-m-title\">\n\t\tPakiet sylwester II\t<\/h4>\n\t\t\t<div class=\"qodef-m-price\">\n\t\t<div class=\"qodef-m-price-wrapper qodef-h1\">\n\t\t\t\t\t\t\t<span class=\"qodef-m-price-currency\"> z\u0142<\/span>\n\t\t\t\t\t\t<span class=\"qodef-m-price-value\">3000<\/span>\n\t\t<\/div>\n\t\t\t<\/div>\n\t\t\t\t\t<ul class=\"qodef-m-content\">\n\t\t\t\t\t<li class=\"qodef-e-item\">\n\t\t\t\t\t\t\t\t\t<span class=\"qodef-e-icon\"><\/span>\n\t\t\t\t\t\t\t\t<span class=\"qodef-e-text\">5 dni (4doby)<\/span>\n\t\t\t<\/li>\n\t\t\t\t\t<li class=\"qodef-e-item\">\n\t\t\t\t\t\t\t\t\t<span class=\"qodef-e-icon\"><\/span>\n\t\t\t\t\t\t\t\t<span class=\"qodef-e-text\">4 osoby<\/span>\n\t\t\t<\/li>\n\t\t\t<\/ul>\n\t\t\t\t\t<\/div>\n<\/div>\n\t\t\t\t<\/div>\n\t\t\t\t<\/div>\n\t\t\t\t\t<\/div>\n\t\t<\/div>\n\t\t\t\t<div class=\"elementor-column elementor-col-33 elementor-top-column elementor-element elementor-element-dd45bbb\" data-id=\"dd45bbb\" data-element_type=\"column\">\n\t\t\t<div class=\"elementor-widget-wrap elementor-element-populated\">\n\t\t\t\t\t\t<div class=\"elementor-element elementor-element-c5b2e52 e-transform elementor-widget elementor-widget-qi_addons_for_elementor_pricing_table\" data-id=\"c5b2e52\" data-element_type=\"widget\" data-settings=\"{&quot;_transform_scale_effect_hover&quot;:{&quot;unit&quot;:&quot;px&quot;,&quot;size&quot;:1.1,&quot;sizes&quot;:[]},&quot;_transform_scale_effect_hover_tablet&quot;:{&quot;unit&quot;:&quot;px&quot;,&quot;size&quot;:&quot;&quot;,&quot;sizes&quot;:[]},&quot;_transform_scale_effect_hover_mobile&quot;:{&quot;unit&quot;:&quot;px&quot;,&quot;size&quot;:&quot;&quot;,&quot;sizes&quot;:[]}}\" data-widget_type=\"qi_addons_for_elementor_pricing_table.default\">\n\t\t\t\t<div class=\"elementor-widget-container\">\n\t\t\t\t\t<div class=\"qodef-shortcode qodef-m qodef-qi-pricing-table qodef-layout--standard qodef-status--regular qodef-list-style--inside qodef-list-type--unordered qodef-label-type--badge qodef-period--side\">\n\t<div class=\"qodef-m-inner\">\n\t\t\t<h4 class=\"qodef-m-title\">\n\t\t\u015awi\u0119ta\t<\/h4>\n\t\t\t<div class=\"qodef-m-price\">\n\t\t<div class=\"qodef-m-price-wrapper qodef-h1\">\n\t\t\t\t\t\t\t<span class=\"qodef-m-price-currency\"> -450z\u0142<\/span>\n\t\t\t\t\t\t<span class=\"qodef-m-price-value\">350<\/span>\n\t\t<\/div>\n\t\t\t<\/div>\n\t\t\t\t\t<ul class=\"qodef-m-content\">\n\t\t\t\t\t<li class=\"qodef-e-item\">\n\t\t\t\t\t\t\t\t\t<span class=\"qodef-e-icon\"><\/span>\n\t\t\t\t\t\t\t\t<span class=\"qodef-e-text\">Cena uzale\u017cniona od liczby os\u00f3b<\/span>\n\t\t\t<\/li>\n\t\t\t\t\t<li class=\"qodef-e-item\">\n\t\t\t\t\t\t\t\t\t<span class=\"qodef-e-icon\"><\/span>\n\t\t\t\t\t\t\t\t<span class=\"qodef-e-text\">Dzieci do lat 4 maj\u0105 pobyt gratis<\/span>\n\t\t\t<\/li>\n\t\t\t<\/ul>\n\t\t\t\t\t<\/div>\n<\/div>\n\t\t\t\t<\/div>\n\t\t\t\t<\/div>\n\t\t\t\t\t<\/div>\n\t\t<\/div>\n\t\t\t\t\t<\/div>\n\t\t<\/section>\n\t\t\t\t<section class=\"elementor-section elementor-top-section elementor-element elementor-element-f414cbf elementor-section-boxed elementor-section-height-default elementor-section-height-default\" data-id=\"f414cbf\" data-element_type=\"section\">\n\t\t\t\t\t\t<div class=\"elementor-container elementor-column-gap-default\">\n\t\t\t\t\t<div class=\"elementor-column elementor-col-100 elementor-top-column elementor-element elementor-element-b6dfe0d\" data-id=\"b6dfe0d\" data-element_type=\"column\">\n\t\t\t<div class=\"elementor-widget-wrap elementor-element-populated\">\n\t\t\t\t\t\t<div class=\"elementor-element elementor-element-616587b elementor-widget elementor-widget-text-editor\" data-id=\"616587b\" data-element_type=\"widget\" data-widget_type=\"text-editor.default\">\n\t\t\t\t<div class=\"elementor-widget-container\">\n\t\t\t\t\t\t\t\t\t<h4>Zapraszamy do rezerwacji telefonicznie,przez zak\u0142adk\u0119 Napisz do nas lub przez stron\u0119 <a style=\"text-decoration: none; color: royalblue;\" href=\"https:\/\/www.nocowanie.pl\/noclegi\/zawoja\/domki\/140753\/\">Nocowanie.pl<\/a>.<\/h4>\t\t\t\t\t\t\t\t<\/div>\n\t\t\t\t<\/div>\n\t\t\t\t\t<\/div>\n\t\t<\/div>\n\t\t\t\t\t<\/div>\n\t\t<\/section>\n\t\t\t\t<\/div>\n\t\t","protected":false},"excerpt":{"rendered":"<p>Weekend z\u0142 min 300 \/dzie\u0144 Cena jest uzale\u017cniona od liczby os\u00f3b Dlugo\u015b\u0107 rezerwacji minimum 3 dni (2 doby) Dzieci do lat 4 maj\u0105 pobyt gratis Sezon letni z\u0142 min 350 \/dzie\u0144 Okres Lipiec-Sierpie\u0144 Cena jest uzale\u017cniona od liczby os\u00f3b Dlugo\u015b\u0107 rezerwacji minimum 1 tydzie\u0144 Dzieci do lat 4 maj\u0105 pobyt gratis Sezon zimowy z\u0142 min [&hellip;]<\/p>\n","protected":false},"author":1,"featured_media":0,"parent":0,"menu_order":0,"comment_status":"closed","ping_status":"closed","template":"","meta":{"footnotes":""},"class_list":["post-75","page","type-page","status-publish","hentry"],"_links":{"self":[{"href":"https:\/\/tarnawadomki.pl\/index.php\/wp-json\/wp\/v2\/pages\/75","targetHints":{"allow":["GET"]}}],"collection":[{"href":"https:\/\/tarnawadomki.pl\/index.php\/wp-json\/wp\/v2\/pages"}],"about":[{"href":"https:\/\/tarnawadomki.pl\/index.php\/wp-json\/wp\/v2\/types\/page"}],"author":[{"embeddable":true,"href":"https:\/\/tarnawadomki.pl\/index.php\/wp-json\/wp\/v2\/users\/1"}],"replies":[{"embeddable":true,"href":"https:\/\/tarnawadomki.pl\/index.php\/wp-json\/wp\/v2\/comments?post=75"}],"version-history":[{"count":56,"href":"https:\/\/tarnawadomki.pl\/index.php\/wp-json\/wp\/v2\/pages\/75\/revisions"}],"predecessor-version":[{"id":491,"href":"https:\/\/tarnawadomki.pl\/index.php\/wp-json\/wp\/v2\/pages\/75\/revisions\/491"}],"wp:attachment":[{"href":"https:\/\/tarnawadomki.pl\/index.php\/wp-json\/wp\/v2\/media?parent=75"}],"curies":[{"name":"wp","href":"https:\/\/api.w.org\/{rel}","templated":true}]}}