{"id":68,"date":"2022-03-28T10:02:48","date_gmt":"2022-03-28T10:02:48","guid":{"rendered":"https:\/\/tarnawadomki.pl\/?page_id=68"},"modified":"2022-09-20T06:00:32","modified_gmt":"2022-09-20T06:00:32","slug":"nasze-domki","status":"publish","type":"page","link":"https:\/\/tarnawadomki.pl\/index.php\/nasze-domki\/","title":{"rendered":"Nasze domki"},"content":{"rendered":"\t\t<div data-elementor-type=\"wp-page\" data-elementor-id=\"68\" class=\"elementor elementor-68\">\n\t\t\t\t\t\t<section class=\"elementor-section elementor-top-section elementor-element elementor-element-08d2945 elementor-section-boxed elementor-section-height-default elementor-section-height-default\" data-id=\"08d2945\" data-element_type=\"section\">\n\t\t\t\t\t\t<div class=\"elementor-container elementor-column-gap-default\">\n\t\t\t\t\t<div class=\"elementor-column elementor-col-33 elementor-top-column elementor-element elementor-element-121087f\" data-id=\"121087f\" data-element_type=\"column\">\n\t\t\t<div class=\"elementor-widget-wrap elementor-element-populated\">\n\t\t\t\t\t\t<div class=\"elementor-element elementor-element-80a79b4 elementor-widget elementor-widget-image\" data-id=\"80a79b4\" data-element_type=\"widget\" data-widget_type=\"image.default\">\n\t\t\t\t<div class=\"elementor-widget-container\">\n\t\t\t\t\t\t\t\t\t\t\t\t\t\t\t<img fetchpriority=\"high\" decoding=\"async\" width=\"600\" height=\"902\" src=\"https:\/\/tarnawadomki.pl\/wp-content\/uploads\/2022\/03\/119060824_2834886136610911_3937784927406148482_o.jpg\" class=\"attachment-large size-large wp-image-231\" alt=\"\" srcset=\"https:\/\/tarnawadomki.pl\/wp-content\/uploads\/2022\/03\/119060824_2834886136610911_3937784927406148482_o.jpg 600w, https:\/\/tarnawadomki.pl\/wp-content\/uploads\/2022\/03\/119060824_2834886136610911_3937784927406148482_o-200x300.jpg 200w\" sizes=\"(max-width: 600px) 100vw, 600px\" \/>\t\t\t\t\t\t\t\t\t\t\t\t\t\t\t<\/div>\n\t\t\t\t<\/div>\n\t\t\t\t\t<\/div>\n\t\t<\/div>\n\t\t\t\t<div class=\"elementor-column elementor-col-66 elementor-top-column elementor-element elementor-element-4301c5c\" data-id=\"4301c5c\" data-element_type=\"column\">\n\t\t\t<div class=\"elementor-widget-wrap elementor-element-populated\">\n\t\t\t\t\t\t<div class=\"elementor-element elementor-element-21c08ea elementor-widget elementor-widget-text-editor\" data-id=\"21c08ea\" data-element_type=\"widget\" data-widget_type=\"text-editor.default\">\n\t\t\t\t<div class=\"elementor-widget-container\">\n\t\t\t\t\t\t\t\t\t<p>Domki wynajmujemy jako ca\u0142y obiekt, niezale\u017cnie od liczby os\u00f3b (miejsc do spania w ka\u017cdym z domk\u00f3w jest 6)<\/p><p>Wymiary domk\u00f3w 7\/5m2<\/p><p><strong>Opis domk\u00f3w:<\/strong><\/p><p>&#8211; Dla maksymalnie 6 os\u00f3b<\/p><p><strong>PARTER<\/strong>\u00a0\u2013 salon z kominkiem (tzw.koz\u0105) wyposa\u017cony w rozk\u0142adan\u0105 sof\u0119 dwuosobow\u0105. Aneks kuchenny z jadalni\u0105, lod\u00f3wk\u0105 i elektrycznym piecem. Kuchnia w pe\u0142ni wyposa\u017cona. \u0141azienka z prysznicem, WC i umywalk\u0105. Z salonu wyj\u015bcie na przestronny taras. Wymiar sofy po roz\u0142o\u017ceniu 140\/200 zm.<\/p><p><strong>PODDASZE<\/strong>\u00a0\u2013 posiada dwie sypialnie. Jedn\u0105 z sypialni wyposa\u017cono w dwa pojedyncze \u0142\u00f3\u017cka, drug\u0105 w du\u017ce podw\u00f3jne \u0142\u00f3\u017cko. Zapewniamy po\u015bciel, zapewniamy r\u0119czniki. Wymiar \u0142\u00f3\u017cek &#8211; pojedyncze \u0142\u00f3\u017cko o wymiarach 100\/200 cm natomiast du\u017ce podw\u00f3jne \u0142\u00f3\u017cko 160\/200 cm.<\/p><p>Jeden z domk\u00f3w posiada drewniane \u0142\u00f3\u017ceczko dzieci\u0119ce.<\/p><p><strong>OPIS ZABUDOWY<\/strong>\u00a0\u2013 Ka\u017cdy domek posiada przestronny taras widokowy oraz osobne miejsce do grilowania. Obok domk\u00f3w wydzielono parking.<\/p><p>Do dyspozycji:<\/p><ul><li>kominek + drewno<\/li><li>\u015bwie\u017ca po\u015bciel<\/li><li>r\u0119czniki<\/li><li>\u0142azienka z kabin\u0105 prysznicow\u0105, umywalk\u0105 i WC,<\/li><li>kuchnia w pe\u0142ni wyposa\u017cona z kuchenk\u0105 elektryczna i piekarnikiem, lod\u00f3wka, czajnik, talerze, garnki, sztu\u0107ce, no\u017ce, szklanki, kieliszki, korkoci\u0105g itp.<\/li><li>Krzese\u0142ko drewniane do karmienia ma\u0142ych dzieci<\/li><li>Osobny grill ko\u0142o ka\u017cdego domku,<\/li><li>\u0142awy, st\u00f3\u0142 na ka\u017cdym tarasie<\/li><li>grill ogniskowy<\/li><li>Domek dla dzieci z piaskownic\u0105 i hu\u015btawk\u0105<\/li><li>Telewizor<\/li><li>Miejsce postojowe na 3 auta do domku (gratis)<\/li><li>Dojazd drog\u0105 asfaltow\u0105.<\/li><li>Ogrzewanie kominkowe + grzejnik elektryczny w \u0142azience!<\/li><\/ul><p>W zimie jest ciep\u0142o!!!<\/p><p>\u00a0<\/p><p><strong>Niestety nie akceptujemy zwierz\u0105t.<\/strong><\/p><p>\u00a0<\/p><p>Pobliskie atrakcje turystyczne:<\/p><p>Do Zatora 30km<\/p><p>Do Zakopanego 70km<\/p><p>Do Krakowa 60km<\/p>\t\t\t\t\t\t\t\t<\/div>\n\t\t\t\t<\/div>\n\t\t\t\t\t<\/div>\n\t\t<\/div>\n\t\t\t\t\t<\/div>\n\t\t<\/section>\n\t\t\t\t<section class=\"elementor-section elementor-top-section elementor-element elementor-element-38a3b7b elementor-section-boxed elementor-section-height-default elementor-section-height-default\" data-id=\"38a3b7b\" data-element_type=\"section\">\n\t\t\t\t\t\t<div class=\"elementor-container elementor-column-gap-default\">\n\t\t\t\t\t<div class=\"elementor-column elementor-col-100 elementor-top-column elementor-element elementor-element-c0e1e13\" data-id=\"c0e1e13\" data-element_type=\"column\">\n\t\t\t<div class=\"elementor-widget-wrap\">\n\t\t\t\t\t\t\t<\/div>\n\t\t<\/div>\n\t\t\t\t\t<\/div>\n\t\t<\/section>\n\t\t\t\t<\/div>\n\t\t","protected":false},"excerpt":{"rendered":"<p>Domki wynajmujemy jako ca\u0142y obiekt, niezale\u017cnie od liczby os\u00f3b (miejsc do spania w ka\u017cdym z domk\u00f3w jest 6) Wymiary domk\u00f3w 7\/5m2 Opis domk\u00f3w: &#8211; Dla maksymalnie 6 os\u00f3b PARTER\u00a0\u2013 salon z kominkiem (tzw.koz\u0105) wyposa\u017cony w rozk\u0142adan\u0105 sof\u0119 dwuosobow\u0105. Aneks kuchenny z jadalni\u0105, lod\u00f3wk\u0105 i elektrycznym piecem. Kuchnia w pe\u0142ni wyposa\u017cona. \u0141azienka z prysznicem, WC i [&hellip;]<\/p>\n","protected":false},"author":1,"featured_media":0,"parent":0,"menu_order":0,"comment_status":"closed","ping_status":"closed","template":"","meta":{"footnotes":""},"class_list":["post-68","page","type-page","status-publish","hentry"],"_links":{"self":[{"href":"https:\/\/tarnawadomki.pl\/index.php\/wp-json\/wp\/v2\/pages\/68","targetHints":{"allow":["GET"]}}],"collection":[{"href":"https:\/\/tarnawadomki.pl\/index.php\/wp-json\/wp\/v2\/pages"}],"about":[{"href":"https:\/\/tarnawadomki.pl\/index.php\/wp-json\/wp\/v2\/types\/page"}],"author":[{"embeddable":true,"href":"https:\/\/tarnawadomki.pl\/index.php\/wp-json\/wp\/v2\/users\/1"}],"replies":[{"embeddable":true,"href":"https:\/\/tarnawadomki.pl\/index.php\/wp-json\/wp\/v2\/comments?post=68"}],"version-history":[{"count":18,"href":"https:\/\/tarnawadomki.pl\/index.php\/wp-json\/wp\/v2\/pages\/68\/revisions"}],"predecessor-version":[{"id":399,"href":"https:\/\/tarnawadomki.pl\/index.php\/wp-json\/wp\/v2\/pages\/68\/revisions\/399"}],"wp:attachment":[{"href":"https:\/\/tarnawadomki.pl\/index.php\/wp-json\/wp\/v2\/media?parent=68"}],"curies":[{"name":"wp","href":"https:\/\/api.w.org\/{rel}","templated":true}]}}