{"id":16,"date":"2022-03-28T09:24:51","date_gmt":"2022-03-28T09:24:51","guid":{"rendered":"https:\/\/tarnawadomki.pl\/?page_id=16"},"modified":"2023-06-24T11:16:18","modified_gmt":"2023-06-24T11:16:18","slug":"str-glowna","status":"publish","type":"page","link":"https:\/\/tarnawadomki.pl\/","title":{"rendered":"Strona g\u0142owna"},"content":{"rendered":"\t\t<div data-elementor-type=\"wp-post\" data-elementor-id=\"16\" class=\"elementor elementor-16\">\n\t\t\t\t\t\t<section class=\"elementor-section elementor-top-section elementor-element elementor-element-db53e0e elementor-section-boxed elementor-section-height-default elementor-section-height-default\" data-id=\"db53e0e\" data-element_type=\"section\">\n\t\t\t\t\t\t<div class=\"elementor-container elementor-column-gap-default\">\n\t\t\t\t\t<div class=\"elementor-column elementor-col-100 elementor-top-column elementor-element elementor-element-800fb34\" data-id=\"800fb34\" data-element_type=\"column\">\n\t\t\t<div class=\"elementor-widget-wrap elementor-element-populated\">\n\t\t\t\t\t\t<div class=\"elementor-element elementor-element-d67d9e4 elementor-arrows-position-inside elementor-pagination-position-outside elementor-widget elementor-widget-image-carousel\" data-id=\"d67d9e4\" data-element_type=\"widget\" data-settings=\"{&quot;slides_to_show&quot;:&quot;1&quot;,&quot;navigation&quot;:&quot;both&quot;,&quot;autoplay&quot;:&quot;yes&quot;,&quot;pause_on_hover&quot;:&quot;yes&quot;,&quot;pause_on_interaction&quot;:&quot;yes&quot;,&quot;autoplay_speed&quot;:5000,&quot;infinite&quot;:&quot;yes&quot;,&quot;effect&quot;:&quot;slide&quot;,&quot;speed&quot;:500}\" data-widget_type=\"image-carousel.default\">\n\t\t\t\t<div class=\"elementor-widget-container\">\n\t\t\t\t\t\t\t<div class=\"elementor-image-carousel-wrapper swiper\" role=\"region\" aria-roledescription=\"carousel\" aria-label=\"Karuzela obrazk\u00f3w\" dir=\"ltr\">\n\t\t\t<div class=\"elementor-image-carousel swiper-wrapper\" aria-live=\"off\">\n\t\t\t\t\t\t\t\t<div class=\"swiper-slide\" role=\"group\" aria-roledescription=\"slide\" aria-label=\"1 z 8\"><figure class=\"swiper-slide-inner\"><img decoding=\"async\" class=\"swiper-slide-image\" src=\"https:\/\/tarnawadomki.pl\/wp-content\/uploads\/2022\/03\/1-1-768x508.jpg\" alt=\"1\" \/><\/figure><\/div><div class=\"swiper-slide\" role=\"group\" aria-roledescription=\"slide\" aria-label=\"2 z 8\"><figure class=\"swiper-slide-inner\"><img decoding=\"async\" class=\"swiper-slide-image\" src=\"https:\/\/tarnawadomki.pl\/wp-content\/uploads\/2022\/03\/2wnetrze-768x509.jpg\" alt=\"2wnetrze\" \/><\/figure><\/div><div class=\"swiper-slide\" role=\"group\" aria-roledescription=\"slide\" aria-label=\"3 z 8\"><figure class=\"swiper-slide-inner\"><img decoding=\"async\" class=\"swiper-slide-image\" src=\"https:\/\/tarnawadomki.pl\/wp-content\/uploads\/2022\/03\/domki2-768x508.jpg\" alt=\"domki2\" \/><\/figure><\/div><div class=\"swiper-slide\" role=\"group\" aria-roledescription=\"slide\" aria-label=\"4 z 8\"><figure class=\"swiper-slide-inner\"><img decoding=\"async\" class=\"swiper-slide-image\" src=\"https:\/\/tarnawadomki.pl\/wp-content\/uploads\/2022\/10\/wnetrze1-768x508.jpg\" alt=\"wnetrze1\" \/><\/figure><\/div><div class=\"swiper-slide\" role=\"group\" aria-roledescription=\"slide\" aria-label=\"5 z 8\"><figure class=\"swiper-slide-inner\"><img decoding=\"async\" class=\"swiper-slide-image\" src=\"https:\/\/tarnawadomki.pl\/wp-content\/uploads\/2022\/03\/6-768x517.jpg\" alt=\"6\" \/><\/figure><\/div><div class=\"swiper-slide\" role=\"group\" aria-roledescription=\"slide\" aria-label=\"6 z 8\"><figure class=\"swiper-slide-inner\"><img decoding=\"async\" class=\"swiper-slide-image\" src=\"https:\/\/tarnawadomki.pl\/wp-content\/uploads\/2022\/09\/wnetrze11-768x509.jpg\" alt=\"wnetrze11\" \/><\/figure><\/div><div class=\"swiper-slide\" role=\"group\" aria-roledescription=\"slide\" aria-label=\"7 z 8\"><figure class=\"swiper-slide-inner\"><img decoding=\"async\" class=\"swiper-slide-image\" src=\"https:\/\/tarnawadomki.pl\/wp-content\/uploads\/2022\/03\/7-768x482.jpg\" alt=\"7\" \/><\/figure><\/div><div class=\"swiper-slide\" role=\"group\" aria-roledescription=\"slide\" aria-label=\"8 z 8\"><figure class=\"swiper-slide-inner\"><img decoding=\"async\" class=\"swiper-slide-image\" src=\"https:\/\/tarnawadomki.pl\/wp-content\/uploads\/2022\/03\/8-768x508.jpg\" alt=\"8\" \/><\/figure><\/div>\t\t\t<\/div>\n\t\t\t\t\t\t\t\t\t\t\t\t<div class=\"elementor-swiper-button elementor-swiper-button-prev\" role=\"button\" tabindex=\"0\">\n\t\t\t\t\t\t<i aria-hidden=\"true\" class=\"eicon-chevron-left\"><\/i>\t\t\t\t\t<\/div>\n\t\t\t\t\t<div class=\"elementor-swiper-button elementor-swiper-button-next\" role=\"button\" tabindex=\"0\">\n\t\t\t\t\t\t<i aria-hidden=\"true\" class=\"eicon-chevron-right\"><\/i>\t\t\t\t\t<\/div>\n\t\t\t\t\n\t\t\t\t\t\t\t\t\t<div class=\"swiper-pagination\"><\/div>\n\t\t\t\t\t\t\t\t\t<\/div>\n\t\t\t\t\t\t<\/div>\n\t\t\t\t<\/div>\n\t\t\t\t\t<\/div>\n\t\t<\/div>\n\t\t\t\t\t<\/div>\n\t\t<\/section>\n\t\t\t\t<section class=\"elementor-section elementor-top-section elementor-element elementor-element-24dbf4b elementor-section-boxed elementor-section-height-default elementor-section-height-default\" data-id=\"24dbf4b\" data-element_type=\"section\">\n\t\t\t\t\t\t<div class=\"elementor-container elementor-column-gap-default\">\n\t\t\t\t\t<div class=\"elementor-column elementor-col-100 elementor-top-column elementor-element elementor-element-048d686\" data-id=\"048d686\" data-element_type=\"column\">\n\t\t\t<div class=\"elementor-widget-wrap elementor-element-populated\">\n\t\t\t\t\t\t<div class=\"elementor-element elementor-element-2a87230 elementor-widget elementor-widget-text-editor\" data-id=\"2a87230\" data-element_type=\"widget\" data-widget_type=\"text-editor.default\">\n\t\t\t\t<div class=\"elementor-widget-container\">\n\t\t\t\t\t\t\t\t\t<h1>O nas<\/h1><p class=\"MsoNormal\" style=\"text-align: justify;\"><span style=\"font-size: 14pt;\">Zapraszamy Pa\u0144stwa do skorzystania z naszej oferty urlopu w pe\u0142nym spokoju i ciszy miejscu. Nasze komfortowo wyko\u0144czone domki zlokalizowane s\u0105 w niewielkiej miejscowo\u015bci Tarnawa Dolna w Beskidzie Ma\u0142ym, kilkadziesi\u0105t metr\u00f3w od lasu. Jest to miejsce zar\u00f3wno do wypoczynku w ciszy i w oddali od zgie\u0142ku miasta jak r\u00f3wnie\u017c dla wszystkich lubi\u0105cych aktywnie sp\u0119dza\u0107 sw\u00f3j wolny czas. Na szczycie naszej g\u00f3ry s\u0105 bowiem szlaki na pobliski Leskowiec oraz na pi\u0119kn\u0105 Babi\u0105 G\u00f3r\u0119. Mo\u017cecie Pa\u0144stwo do woli grillowa\u0107 oraz cieszy\u0107 si\u0119 atmosfer\u0105 ogniska, kt\u00f3re mo\u017cna zapali\u0107 kilka metr\u00f3w od domk\u00f3w.<\/span><\/p><p style=\"text-align: justify;\"><span style=\"font-size: 14pt;\">Urszula i Frank Schmitz to w\u0142a\u015bciciele domk\u00f3w, kt\u00f3rzy\u00a0 sami stworzyli projekt domk\u00f3w oraz je wybudowali, tzn. Frank mia\u0142 w tym wi\u0119kszy wk\u0142ad .<br \/><\/span><\/p><p style=\"text-align: justify;\"><span style=\"font-size: 14pt;\">W domki w\u0142o\u017cyli\u015bmy swoje serce\u00a0 i bardzo si\u0119 cieszymy, \u017ce przyje\u017cd\u017caj\u0105 do nas go\u015bcie, kt\u00f3rzy potrafi\u0105 to doceni\u0107. Kochamy g\u00f3ry i ludzi .<\/span><\/p>\t\t\t\t\t\t\t\t<\/div>\n\t\t\t\t<\/div>\n\t\t\t\t\t<\/div>\n\t\t<\/div>\n\t\t\t\t\t<\/div>\n\t\t<\/section>\n\t\t\t\t<\/div>\n\t\t","protected":false},"excerpt":{"rendered":"<p>O nas Zapraszamy Pa\u0144stwa do skorzystania z naszej oferty urlopu w pe\u0142nym spokoju i ciszy miejscu. Nasze komfortowo wyko\u0144czone domki zlokalizowane s\u0105 w niewielkiej miejscowo\u015bci Tarnawa Dolna w Beskidzie Ma\u0142ym, kilkadziesi\u0105t metr\u00f3w od lasu. Jest to miejsce zar\u00f3wno do wypoczynku w ciszy i w oddali od zgie\u0142ku miasta jak r\u00f3wnie\u017c dla wszystkich lubi\u0105cych aktywnie sp\u0119dza\u0107 [&hellip;]<\/p>\n","protected":false},"author":1,"featured_media":0,"parent":0,"menu_order":0,"comment_status":"closed","ping_status":"closed","template":"","meta":{"footnotes":""},"class_list":["post-16","page","type-page","status-publish","hentry"],"_links":{"self":[{"href":"https:\/\/tarnawadomki.pl\/index.php\/wp-json\/wp\/v2\/pages\/16","targetHints":{"allow":["GET"]}}],"collection":[{"href":"https:\/\/tarnawadomki.pl\/index.php\/wp-json\/wp\/v2\/pages"}],"about":[{"href":"https:\/\/tarnawadomki.pl\/index.php\/wp-json\/wp\/v2\/types\/page"}],"author":[{"embeddable":true,"href":"https:\/\/tarnawadomki.pl\/index.php\/wp-json\/wp\/v2\/users\/1"}],"replies":[{"embeddable":true,"href":"https:\/\/tarnawadomki.pl\/index.php\/wp-json\/wp\/v2\/comments?post=16"}],"version-history":[{"count":40,"href":"https:\/\/tarnawadomki.pl\/index.php\/wp-json\/wp\/v2\/pages\/16\/revisions"}],"predecessor-version":[{"id":509,"href":"https:\/\/tarnawadomki.pl\/index.php\/wp-json\/wp\/v2\/pages\/16\/revisions\/509"}],"wp:attachment":[{"href":"https:\/\/tarnawadomki.pl\/index.php\/wp-json\/wp\/v2\/media?parent=16"}],"curies":[{"name":"wp","href":"https:\/\/api.w.org\/{rel}","templated":true}]}}